{"id":1169,"date":"2014-12-09T12:30:36","date_gmt":"2014-12-09T11:30:36","guid":{"rendered":"http:\/\/www.fas.sm\/fas\/?page_id=1169"},"modified":"2019-02-20T14:21:27","modified_gmt":"2019-02-20T13:21:27","slug":"bollettino-rg","status":"publish","type":"page","link":"http:\/\/www.fas.sm\/fas\/raid-glyders\/bollettino-rg\/","title":{"rendered":"Bollettino &#8211; Bulletin"},"content":{"rendered":"<h1 style=\"text-align: center;\"><span style=\"color: rgb(0, 0, 255);\">&nbsp;RAID Gliders of San Marino<\/span><\/h1>\n<h1 style=\"text-align: center;\"><span style=\"color: rgb(0, 0, 255);\">Open International <\/span><\/h1>\n<table class=\"bulletin\">\n<tbody>\n<tr>\n<td class=\"title\">Organizzatore\/ <em>Organizer<\/em><\/td>\n<td>Federazione Aeronautica Sammarinese c\/o Comitato Olimpico Nazionale Sammarinese Via Rancaglia 30 I-47899 SERRAVALLE San Marino<\/td>\n<\/tr>\n<tr>\n<td class=\"title\">Organizzazione\/<em>O<span class=\"hps\">rganization<\/span><\/em><\/td>\n<td>Federazione Aeronautica Sammarinese&nbsp;in collaborazione con &nbsp;Aerobatic Team c\/o Comitato Olimpico Nazionale Sammarinese Via Rancaglia 30 I-47899 SERRAVALLE San Marino<\/td>\n<\/tr>\n<tr>\n<td class=\"title\">Contatti\/<em>Contact<\/em><\/td>\n<td>Federazione Aeronautica Sammarinese Fax : +378 0549 882 928 Email :&nbsp; info@fas.sm<\/td>\n<\/tr>\n<tr>\n<td class=\"title\">Direttore Organizzativo\/ <em><span class=\"hps\">Organization Director&nbsp;<\/span><\/em><\/td>\n<td>Longhi Massimo<\/td>\n<\/tr>\n<tr>\n<td class=\"title\">Direttore di Gara\/<em>Contest Director:<\/em><\/td>\n<td>Michelotti Dennis<\/td>\n<\/tr>\n<tr>\n<td class=\"title\">Giuria Internazionale\/<em>International Jury<\/em><\/td>\n<td>Zubalic Marco<\/td>\n<\/tr>\n<tr>\n<td class=\"title\">&nbsp;<strong>ISCRIZIONI<\/strong><\/td>\n<td>Le iscrizioni dovranno essere fatte attraverso il sito Web, all\u2019indirizzo <a href=\"http:\/\/www.fas.sm\/fas\/raid-glyders\/\"><u>http:\/\/www.fas.sm\/fas\/raid-glyders\/<\/u><\/a> compilando la scheda di adesione.<\/p>\n<p>Le iscrizioni si chiuderanno il &#8230;&#8230;&#8230;&#8230;&#8230;&#8230;e saranno limitate a n.60 iscritti.<\/p>\n<p>Il nome del concorrente, a conferma di avvenuta iscrizione, comparir\u00e0 nella lista piloti sul sito web della competizione. Con l\u2019iscrizione il concorrente accetta integralmente il presente Regolamento.<\/p>\n<p><u>Chi non sar\u00e0 presente, per qualsiasi motivo, \u00e8 tenuto ugualmente a pagare la quota d\u2019iscrizione agli organizzatori, a meno che l\u2019iscrizione non venga disdetta entro il &#8230;&#8230;&#8230;&#8230;&#8230;&#8230;&#8230;&#8230;&#8230;&#8230;. <\/u><\/p>\n<p>La quota d\u2019iscrizione, sar\u00e0 regolarizzata al momento della registrazione a San Marino (vedi art. 5)<\/td>\n<\/tr>\n<tr>\n<td class=\"title\"><strong>COPERTURA ASSICURATIVA<\/strong><\/td>\n<td>Al momento del pagamento della quota d\u2019iscrizione il concorrente deve produrre una polizza assicurativa che copra i rischi derivanti dal volo con aeromodelli, gare comprese, con un massimale di almeno \u20ac 1.500.000.<\/td>\n<\/tr>\n<tr>\n<td class=\"title\"><strong>&nbsp;RESPONSALITA\u2019<\/strong><\/td>\n<td>L\u2019organizzazione non assume altro obbligo se non quello di assicurare il regolare svolgimento della gara e di consegnare i premi, declinando ogni responsabilit\u00e0 per i danni che possono derivare alle persone o cose dei concorrenti e terzi in conseguenza della gara.<\/p>\n<p><u>Il concorrente, all\u2019atto del versamento della quota di iscrizione, dovr\u00e0 firmare lo scarico di responsabilit\u00e0 a favore della Federazione Aeronautica Sammarinese, con il quale dichiara di assumersi tutte le responsabilit\u00e0 per i danni causati a cose e\/o a terzi a seguito della partecipazione alla gara.<\/u><\/td>\n<\/tr>\n<tr>\n<td class=\"title\"><strong>FREQUENZE&nbsp; RADIO<\/strong><\/td>\n<td>&nbsp;E\u2019 obbligatorio l\u2019uso di apparati con frequenza di trasmissione in 2,4 GHz.<\/td>\n<\/tr>\n<tr>\n<td class=\"title\">&nbsp;<strong>QUOTA DI ISCRIZIONE<\/strong><\/td>\n<td>La quota d\u2019iscrizione di \u20ac 35,00, comprensiva del pranzo e del biglietto per l\u2019andata e ritorno della funivia a piazzale Borghesi (partenza del modello), dovr\u00e0 essere versata all\u2019atto della registrazione.<\/p>\n<p>I concorrenti iscritti entro il&nbsp;&#8230;&#8230;&#8230;&#8230;&#8230;&#8230;&#8230;&#8230;&#8230;. favoriranno di uno sconto di 5\u20ac (pagheranno 30\u20ac).<\/td>\n<\/tr>\n<tr>\n<td class=\"title\">&nbsp;<strong>REGISTRAZIONE<\/strong><\/td>\n<td>E\u2019 possibile farla:<\/p>\n<p>&#8211; <u>sabato &#8230;&#8230;&#8230;&#8230;&#8230;&#8230;&#8230;&#8230;&#8230;<\/u>, presso i locali della sede FAS in via Rancaglia, 22 (palestra campo sportivo di Serravalle) nei locali situati nella parte superiore della palestra, <u>dalle ore 18,00 alle ore 20,00. <\/u><\/p>\n<p>-&#8230;&#8230;&#8230;&#8230;&#8230;&#8230;&#8230;&#8230;&#8230;&#8230;..<u>dalle 7,30 alle ore 9,30<\/u> alla partenza della competizione: si raccomanda di presentarsi alla registrazione con largo anticipo. La registrazione consiste nel pagamento della quota di iscrizione e nel ritirare una busta contenente:<\/p>\n<p><em><u>&#8211; biglietto per andata e ritorno funivia. <\/u><\/em><\/p>\n<p><em><u>&#8211; buono pranzo.<\/u><\/em><\/p>\n<p><em><u>&#8211; la mappa del percorso (pubblicata anche nel sito ufficiale<\/u><\/em> <a href=\"http:\/\/www.fas.sm\/fas\/raid-glyders\/\"><u>http:\/\/www.fas.sm\/fas\/raid-glyders\/<\/u><\/a> )<\/p>\n<p><em><u>&#8211; \u201cscheda pilota\u201d che dovr\u00e0 poi essere convalidata con il numero di partenza al momento della prenotazione del lancio ed indicata l\u2019ora esatta di atterraggio dal Direttore di gara.<\/u><\/em><\/p>\n<p>Dopo la registrazione si dovr\u00e0 immediatamente salire al punto di lancio a piazzale Borghesi con il proprio aeromodello. Chi fosse interessato a partecipare alla manifestazione aeromodellistica del pomeriggio dovr\u00e0 comunicarlo all\u2019atto delle registrazioni. Sono accettati i primi 20 piloti.<\/td>\n<\/tr>\n<tr>\n<td class=\"title\"><strong>ORDINE DI LANCIO E VERIFICHE TECNICHE (da piazzale Borghesi)<\/strong><\/td>\n<td>L\u2019ordine di lancio sar\u00e0 su prenotazione all\u2019Ufficiale di Gara presente alla postazione di lancio a piazzale Borghesi.<\/p>\n<p>La prenotazione pu\u00f2 essere fatta dalle ore 8,00 alle ore 10,00 mostrando&nbsp;la &#8220;scheda pilota&#8221;&nbsp;che \u00e8 stata consegnata alla registrazione.<\/p>\n<p>Il concorrente potr\u00e0 scegliere l\u2019orario di decollo, fra le finestre libere nel periodo fra 10,30 e 13,30 (ogni finestra \u00e8 di minimo 3 minuti)<\/p>\n<p>Al momento della prenotazione del volo (esclusivamente per gli aeromodelli dotati di motore elettrico) sar\u00e0 consegnato il Logger (per chi ne fosse sprovvisto) da montare sul modello inoltre il numero adesivo da apporre sulla fusoliera (muso) che riporta il numero scelto per decollare e il concorrente dovr\u00e0 pagare la quota di 60 \u20ac come cauzione del Logger che sar\u00e0 restituita all\u2019atterraggio, trattenendo 10 \u20ac per il noleggio.<\/p>\n<p>Alternativamente una volta iscritto, il concorrente acquisisce il diritto di acquistare immediatamente il logger alle condizioni agevolate previste per la manifestazione (contattare Marco all\u2019indirizzo <a href=\"mailto:f5j.triveneto@yahoo.it\"><u>f5j.triveneto@yahoo.it<\/u><\/a> )<\/p>\n<p>Il Logger \u00e8 contrassegnato da un numero seriale che verr\u00e0 accoppiato al nome del concorrente ed al numero scelto dal concorrente.<\/p>\n<p>I modelli si dovranno posizionare all\u2019interno di un\u2019apposita area chiusa transennata. L\u2019aiutante che effettuer\u00e0 il lancio potr\u00e0 essere anche un concorrente che sar\u00e0 delegato per questo dal pilota. Quando la gara avr\u00e0 inizio \u00e8 possibile accedere all\u2019area chiusa transennata solo per il tempo necessario al lancio del modello, dopodich\u00e9 si dovr\u00e0 uscire, pena la squalifica del concorrente interessato.<\/p>\n<p>In caso sia impossibile il lancio a causa di fatti imprevisti indipendenti dalla volont\u00e0 del concorrente, lo stesso potr\u00e0 ripetere il lancio ad insindacabile giudizio del Direttore di gara. E\u2019 comunque facolt\u00e0 del Direttore di gara interrompere la gara per avverse condizioni meteo e comunque fattori esterni che ne pregiudicano il regolare svolgimento.<\/td>\n<\/tr>\n<tr>\n<td class=\"title\"><strong>DECOLLO DEL MODELLO E PILOTAGGIO<\/strong><\/td>\n<td>Il lancio a mano degli aeromodelli dovr\u00e0 essere fatto mantenendo il contatto tramite telefono\/radio con il pilota. Il pilota si deve posizionare a Borgo Maggiore in <em>Salita Ugolino da Montefeltro \u2013 parcheggio Scuola Elementare Borgo Maggiore<\/em> (ad una quota di circa 150 mt. inferiore) avendo visione del proprio aeromodello.<\/p>\n<p>Il modello poi una volta lanciato sar\u00e0 pilotato fino a destinazione seguendolo a bordo della propria auto guidata da un aiutante (consigliabile che abbia il tettuccio apribile per seguire meglio il modello in volo).<\/p>\n<p>Il primo decollo avverr\u00e0 alle ore 10,30 e l\u2019ultimo alle ore 13,30, con intervallo minimo di 3 minuti fra un decollo e l\u2019altro.<\/p>\n<p>Chi non si presenta al decollo all\u2019ora prenotata avr\u00e0 punteggio nullo, salvo che l\u2019impedimento sia indipendente dalla volont\u00e0 del concorrente per il verificarsi di situazioni imprevedibili; in questo caso il concorrente partir\u00e0 secondo le direttive del Direttore di gara.<\/td>\n<\/tr>\n<tr>\n<td class=\"title\">&nbsp;<strong>PERCORSO<\/strong><\/td>\n<td>Il percorso stradale lungo la superstrada di San Marino, fino all\u2019atterraggio nel campo sportivo di Serravalle, \u00e8 stabilito dall\u2019organizzazione (vedi mappa pubblicata sul sito ufficiale del Raid).<\/p>\n<p>Durante il regolare svolgimento della gara verranno effettuati controlli a campione per verificare l\u2019esatta percorrenza dei piloti lungo il tragitto imposto. Qualsiasi deviazione del percorso segnalato dalla mappa comporter\u00e0 lancio nullo.<\/td>\n<\/tr>\n<tr>\n<td class=\"title\"><strong>RILEVAZIONE DELL&#8217;EVENTUALE ACCENSIONE MOTORE<\/strong><\/td>\n<td>A bordo del modello sar\u00e0 montato un Logger Multi 2 della RC-Electronics (http:\/\/www.rc-electronics.org\/index.php?link=rc_multi2) che \u00e8 in grado di registrare l\u2019eventuale accensione e spegnimento del motore.<\/p>\n<p>Il dispositivo, del peso di 6 grammi, dovr\u00e0 essere collegato in serie fra il regolatore e il canale del motore. Il concorrente dovr\u00e0 montare in anticipo le eventuali prolunghe necessarie sulla ricevente e sul regolatore per il montaggio del Logger. \u00c8 dotato di spinette tipo JR. Il Logger si pu\u00f2 alimentare con tensioni che vanno dai 4 ai 10 volt. e misura mm 28X14X6.<\/td>\n<\/tr>\n<tr>\n<td class=\"title\"><strong>PREMI<\/strong><\/td>\n<td>I concorrenti iscritti entro il &#8230;&#8230;&#8230;&#8230;&#8230;&#8230;&#8230;&#8230;&#8230;&#8230;e <u>presenti alla competizione<\/u> parteciperanno all\u2019estrazione di un modello offerto dalla ditta SEBART International.<em> <u>Il sorteggio avverr\u00e0 durante la premiazione e il premio sar\u00e0 consegnato solo se il pilota avr\u00e0 partecipato alla competizione.<\/u><\/em><\/p>\n<p>Saranno premiati con coppe e\/o targhe i primi 6 classificati. Saranno istituiti inoltre dei premi speciali per: <em>il concorrente pi\u00f9 giovane, il concorrente pi\u00f9 anziano, il concorrente che proviene da pi\u00f9 lontano.<\/em><\/p>\n<p>I premi non ritirati, per nessun motivo saranno spediti.<\/td>\n<\/tr>\n<tr>\n<td class=\"title\"><strong>PRANZO \u2013 PREMIAZIONI&nbsp;&amp; SHOW AEROMODELLISTICO&nbsp; C\/O AEROCLUB TORRACCIA<\/strong><\/td>\n<td>&nbsp;<u>Il pranzo, sar\u00e0 servito al ristorante del \u201cMultieventi Sport Domus\u201d adiacente al campo sportivo di Serravalle<\/u>, dalle ore 12,30 alle 14,00 consegnando il buono pranzo ricevuto. Saranno disponibili buoni pranzo presso l\u2019organizzazione per chi ne far\u00e0 richiesta.A seguire la premiazione c\/o l\u2019Aeroclub di Torraccia, e per concludere fino alle ore 18,00 vi sar\u00e0 una manifestazione aeromodellistica.<\/td>\n<\/tr>\n<tr>\n<td class=\"title\">&nbsp;<strong>RECLAMI<\/strong><\/td>\n<td>Una giuria, composta dal direttore di gara e due concorrenti scelti dallo stesso, vaglier\u00e0 gli eventuali reclami. La composizione della giuria verr\u00e0 pubblicata entro le 9:30. Il termine per la presentazione dei reclami scade 15 minuti dopo l&#8217;atterraggio dell&#8217;ultimo aeromodello al campo di Serravalle. Il reclamo dovr\u00e0 essere presentato per iscritto, accompagnato dalla somma di \u20ac 50,00 che sar\u00e0 restituita solo nel caso il reclamo sia accettato.<\/td>\n<\/tr>\n<tr>\n<td class=\"title\"><span style=\"color: rgb(0, 0, 255);\">&nbsp;<strong><strong><em>REGISTRATION<\/em><\/strong><\/strong>&nbsp;<\/span><\/td>\n<td><em>Entry form must<\/em><em> be submitted by web site to <\/em><a href=\"http:\/\/www.fas.sm\/fas\/raid-glyders\"><em><u>www.fas.sm\/fas\/raid-glyders<\/u><\/em><\/a> <em>&nbsp;filling out the form. Entry form will be accepted until &#8230;&#8230;&#8230;&#8230;&#8230;&#8230;&#8230;&#8230;&#8230;&#8230;&#8230;&#8230;and will be <u>limited<\/u><u> to 60 pilots<\/u>. The competitor&#8217;s name, a confirmation of registration, will appear in the pilots&#8217; list on the website of the competition.With the registration, the competitor accepts the present Regulations. <u>Those who<\/u><u> will not be present, for any reason, must still pay the registration fee to the organizers unless the registration has not been canceled by &#8230;&#8230;&#8230;&#8230;&#8230;&#8230;&#8230;&#8230;&#8230;&#8230;&#8230;&#8230;. <\/u>The registration fee will be paid at registration time in San Marino (see Art. 5)<\/em><\/td>\n<\/tr>\n<tr>\n<td class=\"title\"><em>&nbsp;<\/em><strong><strong><em><span style=\"color: rgb(0, 0, 255);\">INSURANCE COVERAGE<\/span><\/em><\/strong><\/strong><\/td>\n<td>&nbsp;<em>Upon payment<\/em><em> of the registration fee, the competitor must produce an insurance policy covering the risks arising from the aero modeling flight including competitions, with a minimum cover of \u20ac 1,500,000.<\/em><\/td>\n<\/tr>\n<tr>\n<td class=\"title\">&nbsp;<span style=\"color: rgb(0, 0, 255);\"><strong><strong><em>LIABILITY<\/em><\/strong><\/strong>&nbsp;<\/span><\/td>\n<td><em>The organization<\/em><em> does not assume any other obligation than to ensure a smooth running of the event and distribution of the awards, declining any responsibility for any damage that may arise to any person or property of the competitors and third parties as a result of the competition. <u>The competitor<\/u><u>, upon payment of the registration fee, will have to sign a discharge of liability in favor of the Aeronautical Federation San Marino, declaring to assume all liabilities for damage caused to property and \/ or third parties as a result of participation in the competition.<\/u><\/em><\/td>\n<\/tr>\n<tr>\n<td class=\"title\"><span style=\"color: rgb(0, 0, 255);\"><strong><strong><em>FREQUENCY<\/em><\/strong><\/strong>&nbsp;<\/span><\/td>\n<td><em>It is <\/em><em>mandatory to use devices with 2.4 GHz. transmission frequency<\/em><\/td>\n<\/tr>\n<tr>\n<td class=\"title\"><span style=\"color: rgb(0, 0, 255);\"><strong><strong><em>FEE<\/em><\/strong><\/strong>&nbsp;<\/span><\/td>\n<td><em>The registration fee<\/em><em> is \u20ac 35.00 which includes lunch and round trip ticket for the cable car to go back to Piazza Borghesi (where the model starts off) to be paid when registering on site.<\/em><\/p>\n<p><em><em>Competitors registered by &#8230;&#8230;&#8230;&#8230;&#8230;&#8230;&#8230;&#8230;&#8230;&#8230;&#8230;.<\/em><em>will favor of a discount of 5 \u20ac (paying \u20ac 30) <\/em><\/em><\/td>\n<\/tr>\n<tr>\n<td class=\"title\"><span style=\"color: rgb(0, 0, 255);\"><strong><strong><em>REGISTRATION<\/em><\/strong><\/strong>&nbsp;<\/span><\/td>\n<td><em>It can be done:<\/em><\/p>\n<p><em> &#8211; <u>&#8230;&#8230;&#8230;&#8230;&#8230;&#8230;&#8230;&#8230;&#8230;&#8230;&#8230;&#8230;&#8230;&#8230;&#8230;<\/u>, at the premises of the FAS headquarters located in via Rancaglia, 22 (gym sports field of Serravalle) in the rooms at the top of the gym, <u>from 6.00 p.m. to<\/u><u> 8.00 p.m..<\/u> <\/em><\/p>\n<p><em>&#8211; <u>&#8230;&#8230;&#8230;&#8230;&#8230;&#8230;&#8230;&#8230;&#8230;&#8230;.from 7:30 am to<\/u><u> 9:30<\/u> am at the start competition point: It is recommended to show up to register well in advance. Registration consist in the payment of the fee and pick-up of an envelope containing: <\/em><\/p>\n<p><em>&#8211; Ticket for the roundtrip with the cable car. &#8211; Ticket for lunch. &#8211; Route map (also published in the official website <a href=\"http:\/\/www.fas.sm\/fas\/raid-glyders\/\"><u>www.fas.sm\/fas\/raid-glyders\/<\/u><\/a> ) &#8211; &#8220;Pilot Card\u201d which must then be validated by the start number when booking the launch and<\/em> <em>indicated<\/em><em> the exact time of landing by the Contest Director of the competition.<\/em><\/p>\n<p><em>After registration,<\/em><em> you will immediately go up to the take off point in Piazzale Borghesi with your own model plane. Those interested in participating in the aero modeling Show of the afternoon are requested to notify during registration onsite. <u>The first 20<\/u><u> pilots will be accepted.<\/u><\/em><\/td>\n<\/tr>\n<tr>\n<td class=\"title\"><span style=\"color: rgb(0, 0, 255);\"><strong><strong><em>ORDER OF FLIGHT AND MODEL PROCESSING&nbsp;&nbsp;&nbsp;&nbsp;&nbsp;&nbsp;&nbsp; (from Piazzale Borghesi)<\/em><\/strong><\/strong>&nbsp;<\/span><\/td>\n<td><em>The<\/em><em> flight order will be set upon reservation made to the Competition Officer Point present at the takeoff station in Piazzale Borghesi. Reservations can be made from 8.00 a.m. to 10.00 a.m. showing the &#8220;pilot card&#8221; received during registration. The competitor may choose the time of take off among the windows available in the period between 10.30 a.m. and 1.30 p.m. (each window is 3 minutes) When booking the flight, the Logger will be consigned (for those who do not have one) to be mounted on the model, also the sticker with the number to be affixed on the fuselage (front) which shows the number chosen to take off and the competitor will have to pay the fee of \u20ac 60 as deposit for the Logger which will be returned when landing, holding \u20ac 10 for rental. Alternatively once registered, the participant acquires the right to purchase<\/em> <em>immediately logger at favorable terms provided for the event (contact Marco at<\/em> <a href=\"mailto:f5j.triveneto@yahoo.it\"><em><u>f5j.triveneto@yahoo.it<\/u><\/em><\/a><em>)<\/em><\/p>\n<p><em><em>The<\/em><em> Logger is marked with a serial number that will be associated to the competitor&#8217;s name and the number chosen by the competitor. The models will have to be placed within a special cordoned closed area. The assistant who will carry out the launch could also be a competitor who will be delegated for this by the pilot. When the competition begins, competitors can access the cordoned closed area only for the time needed to launch the model, then they will have to go out, on pain of disqualification. In case the launch is impossible due to unforeseen events beyond the control of the competitor, the launch can be repeated at the discretion of the jury. It\u2019s still faculty of the Contest Director to stop the competition because of adverse weather conditions and still external factors that affect a smooth operation.<\/em>&nbsp;<\/em><\/td>\n<\/tr>\n<tr>\n<td class=\"title\"><span style=\"color: rgb(0, 0, 255);\"><strong><strong><em>TAKE OFF THE MODEL AND STEERING<\/em><\/strong><\/strong>&nbsp;<\/span><\/td>\n<td><em>&nbsp;he launch<em> of the model plane by hand will be done by maintaining contact via telephone \/ radio with the pilot. The pilot must be positioned in Borgo Maggiore, street Salita Ugolino da Montefeltro &#8211; parking Elementary School Borgo Maggiore (at an altitude of about 150 meters below) having vision of the aircraft. Then, the model, once launched, will be driven to destination following it aboard of the car driven by an assistant (it is advisable to have the sunroof to better follow the model in flight). The first launch will take place at 10:30 a.m. and the last at 13.30 p.m., with an period of three minutes minimum between one take off and the other. Those who will not be present at the time they signed up for, will score zero, unless the impediment is beyond their control for the occurrence of unpredictable situations. In this case <\/em>the <em>competitor will start according to the guidelines of the Contest Director.<br \/>\n<\/em><\/em><\/td>\n<\/tr>\n<tr>\n<td class=\"title\"><span style=\"color: rgb(0, 0, 255);\"><strong><strong><em>ROUTE<\/em><\/strong><\/strong>&nbsp;<\/span><\/td>\n<td><em>The<em> route along the highway of San Marino, up to the landing in the sports field in Serravalle, is established by the organization (see map published on the official website of the Raid). During the regular course of the competition will be random checks to verify the exact distance of the pilots along the route imposed. Any deviation of the path indicated by the map will result in flight null.<br \/>\n<\/em><\/em><\/td>\n<\/tr>\n<tr>\n<td class=\"title\"><strong><em><span style=\"color: rgb(0, 0, 255);\">DETECTION&nbsp;FO<strong><em>R ANY POWER ENGINE<\/em><\/strong><\/span><br \/>\n<\/em><\/strong><\/td>\n<td><em>Aboard the<em> model a Multi 2 Logger of RC-Electronics will be mounted (<\/em><a href=\"http:\/\/www.rc-electronics.org\/index.php?link=rc_multi2\"><em><u>http:\/\/www.rc-electronics.org\/index.php?link=rc_multi2<\/u><\/em><\/a><em>) to record the entire flight from the time of the take off to the landing, as well as the possible switching on and off of the engine The device, weighing 6 grams, should be placed into a free channel of the receiver. It features plugs JR like. If you do not have free channels, you will have to provide a Y cable using any channel. The Logger can be powered with voltages ranging from 4 to 10 volts and 28X14X6 mm measures. In case the glider is motorized, the Logger should be connected in series between the regulator and the engine channel.<\/em><\/em><\/td>\n<\/tr>\n<tr>\n<td class=\"title\"><span style=\"color: rgb(0, 0, 255);\"><strong><strong><em>AWARDS<\/em><\/strong><\/strong>&nbsp;<\/span><\/td>\n<td><em>Competitors registered by &#8230;&#8230;&#8230;&#8230;&#8230;&#8230;&#8230;&#8230;&#8230;&#8230;&#8230;.<em>and <u>present<\/u><u> in the competition<\/u> will be enter into a raffle for a &#8230;&#8230;&#8230;&#8230;&#8230;&#8230;&#8230;&#8230;&#8230;&#8230;&#8230;&#8230;&#8230;&#8230;&#8230;&#8230;&#8230;&#8230;&#8230;&#8230;&#8230;.. <u>The draw<\/u><u> will take place during the award ceremony and the prize will be given only if the driver will have participated in the competition<\/u>. The first 6 winners will be awarded with trophies and \/ or plaques. Special prizes will also be set up for: the youngest competitor &#8211; the older competitor &#8211; the competitor who comes from farthest. Prizes not collected for any reason will be shipped.<\/em><\/em><\/td>\n<\/tr>\n<tr>\n<td class=\"title\"><span style=\"color: rgb(0, 0, 255);\"><strong><strong><em>LUNCH &#8211; AWARDS&nbsp;&amp; AERO MODEL SHOW AT AEROCLUB TORRACCIA<\/em><\/strong><\/strong>&nbsp;<\/span><\/td>\n<td><em>Lunch<em> will be served at \u201cMultieventi Sport Domus\u201d near sports field in<\/em> <em>Serravalle from 12.30 a.m. to<\/em><em> 2.00 p.m., consigning the lunch ticket received. Lunch tickets will be available to the organization to those who so requests. Then, in to the Aeroclub of San Marino (Strada Montelupo, 27 Torraccia) the awards ceremony and an aero model demonstration will take place until 6:00 p.m. <\/em><\/em><\/td>\n<\/tr>\n<tr>\n<td class=\"title\"><span style=\"color: rgb(0, 0, 255);\"><strong><strong><em>COMPLAINTS<\/em><\/strong><\/strong>&nbsp;<\/span><\/td>\n<td><em>A jury made<em> by the Contest Director and two assistants, chosen at random from the same, will investigate any complaints. The deadline for submitting complaints will be 15 minutes after the landing of the last model in the field of Serravalle. The complaint must be submitted in writing, accompanied by the sum of \u20ac 50.00, which will be returned only if the complaint is accepted.<\/em><\/em><\/td>\n<\/tr>\n<tr>\n<td class=\"title\">&nbsp;<\/td>\n<td>&nbsp;<\/td>\n<\/tr>\n<tr>\n<td class=\"title\">&nbsp;<\/td>\n<td>&nbsp;<\/td>\n<\/tr>\n<tr>\n<td class=\"title\">&nbsp;<\/td>\n<td>&nbsp;<\/td>\n<\/tr>\n<tr>\n<td class=\"title\">&nbsp;<\/td>\n<td>&nbsp;<\/td>\n<\/tr>\n<tr>\n<td class=\"title\">&nbsp;<\/td>\n<td>&nbsp;<\/td>\n<\/tr>\n<tr>\n<td class=\"title\">&nbsp;<\/td>\n<td>&nbsp;<\/td>\n<\/tr>\n<tr>\n<td class=\"title\">&nbsp;<\/td>\n<td>&nbsp;<\/td>\n<\/tr>\n<tr>\n<td class=\"title\">&nbsp;<\/td>\n<td>&nbsp;<\/td>\n<\/tr>\n<tr>\n<td class=\"title\">&nbsp;<\/td>\n<td>&nbsp;<\/td>\n<\/tr>\n<tr>\n<td class=\"title\">&nbsp;<\/td>\n<td>&nbsp;<\/td>\n<\/tr>\n<tr>\n<td class=\"title\">&nbsp;<\/td>\n<td>&nbsp;<\/td>\n<\/tr>\n<tr>\n<td class=\"title\">&nbsp;<\/td>\n<td>&nbsp;<\/td>\n<\/tr>\n<\/tbody>\n<\/table>\n","protected":false},"excerpt":{"rendered":"<p>&nbsp;RAID Gliders of San Marino Open International Organizzatore\/ Organizer Federazione Aeronautica Sammarinese c\/o Comitato Olimpico Nazionale Sammarinese Via Rancaglia 30 I-47899 SERRAVALLE San Marino Organizzazione\/Organization Federazione Aeronautica Sammarinese&nbsp;in collaborazione con &nbsp;Aerobatic Team c\/o Comitato Olimpico Nazionale Sammarinese Via Rancaglia 30 I-47899 SERRAVALLE San Marino Contatti\/Contact Federazione Aeronautica Sammarinese Fax : +378 0549 882 928 Email &hellip; <a href=\"http:\/\/www.fas.sm\/fas\/raid-glyders\/bollettino-rg\/\" class=\"more-link\">Continua la lettura di <span class=\"screen-reader-text\">Bollettino &#8211; Bulletin<\/span> <span class=\"meta-nav\">&rarr;<\/span><\/a><\/p>\n","protected":false},"author":1,"featured_media":0,"parent":21,"menu_order":7,"comment_status":"closed","ping_status":"closed","template":"","meta":{"ngg_post_thumbnail":0,"footnotes":""},"_links":{"self":[{"href":"http:\/\/www.fas.sm\/fas\/wp-json\/wp\/v2\/pages\/1169"}],"collection":[{"href":"http:\/\/www.fas.sm\/fas\/wp-json\/wp\/v2\/pages"}],"about":[{"href":"http:\/\/www.fas.sm\/fas\/wp-json\/wp\/v2\/types\/page"}],"author":[{"embeddable":true,"href":"http:\/\/www.fas.sm\/fas\/wp-json\/wp\/v2\/users\/1"}],"replies":[{"embeddable":true,"href":"http:\/\/www.fas.sm\/fas\/wp-json\/wp\/v2\/comments?post=1169"}],"version-history":[{"count":37,"href":"http:\/\/www.fas.sm\/fas\/wp-json\/wp\/v2\/pages\/1169\/revisions"}],"predecessor-version":[{"id":2065,"href":"http:\/\/www.fas.sm\/fas\/wp-json\/wp\/v2\/pages\/1169\/revisions\/2065"}],"up":[{"embeddable":true,"href":"http:\/\/www.fas.sm\/fas\/wp-json\/wp\/v2\/pages\/21"}],"wp:attachment":[{"href":"http:\/\/www.fas.sm\/fas\/wp-json\/wp\/v2\/media?parent=1169"}],"curies":[{"name":"wp","href":"https:\/\/api.w.org\/{rel}","templated":true}]}}