{"id":1161,"date":"2014-12-09T12:28:23","date_gmt":"2014-12-09T11:28:23","guid":{"rendered":"http:\/\/www.fas.sm\/fas\/?page_id=1161"},"modified":"2019-02-20T14:24:17","modified_gmt":"2019-02-20T13:24:17","slug":"premi-rg","status":"publish","type":"page","link":"http:\/\/www.fas.sm\/fas\/raid-glyders\/premi-rg\/","title":{"rendered":"Premi &#8211; Awards"},"content":{"rendered":"<p>&nbsp;<\/p>\n<p><a href=\"http:\/\/www.fas.sm\/fas\/wp-content\/uploads\/awards.jpg\"><img loading=\"lazy\" decoding=\"async\" width=\"300\" height=\"225\" class=\" size-medium wp-image-1558 aligncenter\" alt=\"awards\" src=\"http:\/\/www.fas.sm\/fas\/wp-content\/uploads\/awards-300x225.jpg\" srcset=\"http:\/\/www.fas.sm\/fas\/wp-content\/uploads\/awards-300x225.jpg 300w, http:\/\/www.fas.sm\/fas\/wp-content\/uploads\/awards.jpg 800w\" sizes=\"(max-width: 300px) 100vw, 300px\" \/><\/a><\/p>\n<p>I concorrenti iscritti entro il&nbsp;&#8230;&#8230;&#8230;&#8230;&#8230;&#8230;&#8230;&#8230;&#8230;&#8230;&#8230;. e <span style=\"text-decoration: underline;\">presenti alla competizione<\/span> favoriranno di uno sconto di 5\u20ac (pagheranno 30\u20ac) e parteciperanno all\u2019estrazione di &#8230;&#8230;&#8230;&#8230;&#8230;&#8230;&#8230;&#8230;&#8230;&#8230;&#8230;&#8230;&#8230;&#8230;&#8230;&#8230;&#8230;&#8230;&#8230;&#8230;&#8230;&#8230;&#8230;..<em><span style=\"text-decoration: underline;\"> Il sorteggio avverr\u00e0 durante la premiazione e il premio sar\u00e0 consegnato solo se il pilota avr\u00e0 partecipato alla competizione.<\/span><\/em><\/p>\n<p>I premi non ritirati, per nessun motivo saranno spediti.<\/p>\n<p><strong>Premi&nbsp;RAID<\/strong><\/p>\n<p>1\u00b0 Classificato \u2013 Trofeo &#8220;Memorial&nbsp;William Terenzi&#8221; &nbsp;+ premio in denaro<br \/>\n2\u00b0 Classificato \u2013 Coppa + premio in denaro<br \/>\n3\u00b0 Classificato \u2013 Coppa + premio in denaro<br \/>\n4\u00b0 Classificato \u2013 Coppa<br \/>\n5\u00b0 Classificato \u2013 Coppa<br \/>\n6\u00b0 Classificato \u2013 Coppa<br \/>\n&#8211; il concorrente pi\u00f9 giovane \u2013 Coppa o medaglia<\/p>\n<p>&#8211; il concorrente pi\u00f9 anziano \u2013 Coppa o medaglia<\/p>\n<p>&#8211; il concorrente che proviene da pi\u00f9 lontano \u2013 Coppa o medaglia<\/p>\n<p><em><span class=\"hps\">The applications<\/span> <span class=\"hps\">by &#8230;&#8230;&#8230;&#8230;&#8230;&#8230;&#8230;&#8230;&#8230;&#8230;&#8230;&#8230;.<\/span><span class=\"hps\">, and<\/span> <span class=\"hps\">present<\/span> <span class=\"hps\">the competition<\/span> <span class=\"hps\">will favor<\/span> <span class=\"hps\">a discount<\/span> <span class=\"hps atn\">of 5 \u20ac (<\/span>pay <span class=\"hps\">\u20ac 30<\/span>) <span class=\"hps\">and<\/span> <span class=\"hps\">entered into a raffle<\/span> <span class=\"hps\">for<\/span> <span class=\"hps\">a &#8230;&#8230;&#8230;&#8230;&#8230;&#8230;&#8230;&#8230;&#8230;&#8230;&#8230;&#8230;&#8230;&#8230;&#8230;&#8230;&#8230;&#8230;&#8230;&#8230;&#8230;&#8230;&#8230;&#8230;..<\/span><a href=\"http:\/\/www.sebart.it\" target=\"_blank\" rel=\"noopener noreferrer\"><span class=\"hps\">.<\/span><\/a> <span class=\"hps\">The draw<\/span> <span class=\"hps\">will take place<\/span> <span class=\"hps\">during the award ceremony<\/span> <span class=\"hps\">and<\/span> <span class=\"hps\">the<\/span> <span class=\"hps\">prize will be awarded<\/span> <span class=\"hps\">only if the<\/span>&nbsp;pilot<span class=\"hps\"> will have<\/span> <span class=\"hps\">participated in the competition<\/span>.<\/em><\/p>\n<p><em><span class=\"hps\">Prizes not collected<\/span> <span class=\"hps\">for any reason<\/span> <span class=\"hps\">will be shipped<\/span>.<\/em><\/p>\n<p><em><strong>RAID&nbsp;Awards<\/strong><\/em><\/p>\n<p><em>1st classified \u2013 Trophy &#8220;Memorial&nbsp;William Terenzi&#8221; + money<\/em><br \/>\n<em> 2nd classified \u2013 Cup + money<\/em><br \/>\n<em> 3rd classified \u2013 Cup + money<\/em><br \/>\n<em> 4th classified \u2013 Cup<\/em><br \/>\n<em> 5th classified \u2013 Cup<\/em><br \/>\n<em> 6th classified \u2013 Cup<\/em><br \/>\n<em>&nbsp;&#8211; <span class=\"hps\">The<\/span> <span class=\"hps\">youngest competitor &#8211; Cup or medal<\/span><\/em><\/p>\n<p><span class=\"hps\">&#8211; The<\/span> <span class=\"hps\">oldest<\/span> <span class=\"hps\">competitor &#8211; Cup or medal<\/span><\/p>\n<p><span class=\"hps\">&#8211; The competitor who<\/span> <span class=\"hps\">comes from<\/span> <span class=\"hps\">far away &#8211; Cup or medal<\/span><\/p>\n","protected":false},"excerpt":{"rendered":"<p>&nbsp; I concorrenti iscritti entro il&nbsp;&#8230;&#8230;&#8230;&#8230;&#8230;&#8230;&#8230;&#8230;&#8230;&#8230;&#8230;. e presenti alla competizione favoriranno di uno sconto di 5\u20ac (pagheranno 30\u20ac) e parteciperanno all\u2019estrazione di &#8230;&#8230;&#8230;&#8230;&#8230;&#8230;&#8230;&#8230;&#8230;&#8230;&#8230;&#8230;&#8230;&#8230;&#8230;&#8230;&#8230;&#8230;&#8230;&#8230;&#8230;&#8230;&#8230;.. Il sorteggio avverr\u00e0 durante la premiazione e il premio sar\u00e0 consegnato solo se il pilota avr\u00e0 partecipato alla competizione. I premi non ritirati, per nessun motivo saranno spediti. Premi&nbsp;RAID 1\u00b0 Classificato \u2013 &hellip; <a href=\"http:\/\/www.fas.sm\/fas\/raid-glyders\/premi-rg\/\" class=\"more-link\">Continua la lettura di <span class=\"screen-reader-text\">Premi &#8211; Awards<\/span> <span class=\"meta-nav\">&rarr;<\/span><\/a><\/p>\n","protected":false},"author":1,"featured_media":0,"parent":21,"menu_order":18,"comment_status":"closed","ping_status":"closed","template":"","meta":{"ngg_post_thumbnail":0,"footnotes":""},"_links":{"self":[{"href":"http:\/\/www.fas.sm\/fas\/wp-json\/wp\/v2\/pages\/1161"}],"collection":[{"href":"http:\/\/www.fas.sm\/fas\/wp-json\/wp\/v2\/pages"}],"about":[{"href":"http:\/\/www.fas.sm\/fas\/wp-json\/wp\/v2\/types\/page"}],"author":[{"embeddable":true,"href":"http:\/\/www.fas.sm\/fas\/wp-json\/wp\/v2\/users\/1"}],"replies":[{"embeddable":true,"href":"http:\/\/www.fas.sm\/fas\/wp-json\/wp\/v2\/comments?post=1161"}],"version-history":[{"count":11,"href":"http:\/\/www.fas.sm\/fas\/wp-json\/wp\/v2\/pages\/1161\/revisions"}],"predecessor-version":[{"id":2067,"href":"http:\/\/www.fas.sm\/fas\/wp-json\/wp\/v2\/pages\/1161\/revisions\/2067"}],"up":[{"embeddable":true,"href":"http:\/\/www.fas.sm\/fas\/wp-json\/wp\/v2\/pages\/21"}],"wp:attachment":[{"href":"http:\/\/www.fas.sm\/fas\/wp-json\/wp\/v2\/media?parent=1161"}],"curies":[{"name":"wp","href":"https:\/\/api.w.org\/{rel}","templated":true}]}}